{"id":400,"date":"2023-02-21T17:36:30","date_gmt":"2023-02-21T16:36:30","guid":{"rendered":"http:\/\/foldana.bbserver.hu\/?page_id=400"},"modified":"2023-11-08T08:57:15","modified_gmt":"2023-11-08T07:57:15","slug":"offers","status":"publish","type":"page","link":"http:\/\/hotelfoldana.hu\/sk\/offers\/","title":{"rendered":"Ponuky"},"content":{"rendered":"<div data-elementor-type=\"wp-page\" data-elementor-id=\"400\" class=\"elementor elementor-400\">\n\t\t\t\t\t\t<section class=\"elementor-section elementor-top-section elementor-element elementor-element-8703ac1 offerlist elementor-section-boxed elementor-section-height-default elementor-section-height-default parallax_section_no qode_elementor_container_no\" data-id=\"8703ac1\" data-element_type=\"section\" data-e-type=\"section\">\n\t\t\t\t\t\t<div class=\"elementor-container elementor-column-gap-default\">\n\t\t\t\t\t<div class=\"elementor-column elementor-col-100 elementor-top-column elementor-element elementor-element-30b513a\" data-id=\"30b513a\" data-element_type=\"column\" data-e-type=\"column\">\n\t\t\t<div class=\"elementor-widget-wrap elementor-element-populated\">\n\t\t\t\t\t\t<div class=\"elementor-element elementor-element-2091741 elementor-widget elementor-widget-qi_addons_for_elementor_blog_list\" data-id=\"2091741\" data-element_type=\"widget\" data-e-type=\"widget\" data-widget_type=\"qi_addons_for_elementor_blog_list.default\">\n\t\t\t\t<div class=\"elementor-widget-container\">\n\t\t\t\t\t<div class=\"qodef-shortcode qodef-m offeritems qodef-addons-blog-list qodef-info-no-icons qodef-image--hover-zoom qodef-qi-grid qodef-layout--qi-columns qodef-col-num--1 qodef-item-layout--side-image qodef-responsive--predefined\" >\n\t<div class=\"qodef-grid-inner\">\n\t\t<article class=\"qodef-e qodef-blog-item qodef-grid-item qodef-item--full post-774 post type-post status-publish format-standard has-post-thumbnail hentry category-egyeb\">\n\t<div class=\"qodef-e-inner\">\n\t\t<div class=\"qodef-e-media\">\n\t\t<div class=\"qodef-e-media-image\">\n\t\t<a itemprop=\"url\" href=\"http:\/\/hotelfoldana.hu\/sk\/tavaszi-biciklitura-csomag-foldana-hotel\/\">\n\t\t\t<img fetchpriority=\"high\" decoding=\"async\" width=\"2560\" height=\"1920\" src=\"https:\/\/hotelfoldana.hu\/wp-content\/uploads\/2025\/03\/bicikliskep-scaled.webp\" class=\"attachment-full size-full\" alt=\"\" srcset=\"https:\/\/hotelfoldana.hu\/wp-content\/uploads\/2025\/03\/bicikliskep-scaled.webp 2560w, https:\/\/hotelfoldana.hu\/wp-content\/uploads\/2025\/03\/bicikliskep-300x225.webp 300w, https:\/\/hotelfoldana.hu\/wp-content\/uploads\/2025\/03\/bicikliskep-1024x768.webp 1024w, https:\/\/hotelfoldana.hu\/wp-content\/uploads\/2025\/03\/bicikliskep-768x576.webp 768w, https:\/\/hotelfoldana.hu\/wp-content\/uploads\/2025\/03\/bicikliskep-1536x1152.webp 1536w, https:\/\/hotelfoldana.hu\/wp-content\/uploads\/2025\/03\/bicikliskep-2048x1536.webp 2048w, https:\/\/hotelfoldana.hu\/wp-content\/uploads\/2025\/03\/bicikliskep-16x12.webp 16w, https:\/\/hotelfoldana.hu\/wp-content\/uploads\/2025\/03\/bicikliskep-800x600.webp 800w, https:\/\/hotelfoldana.hu\/wp-content\/uploads\/2025\/03\/bicikliskep-700x525.webp 700w\" sizes=\"(max-width: 2560px) 100vw, 2560px\" \/>\t\t<\/a>\n\t\t\t<\/div>\n<\/div>\n\t\t<div class=\"qodef-e-content\">\n\t\t\t\t\t\t<div class=\"qodef-e-text\">\n\t\t\t\t<h5 itemprop=\"name\" class=\"qodef-e-title entry-title\">\n\t<a itemprop=\"url\" class=\"qodef-e-title-link\" href=\"http:\/\/hotelfoldana.hu\/sk\/tavaszi-biciklitura-csomag-foldana-hotel\/\">\n\t\tJarn\u00fd bicyklov\u00fd bal\u00ed\u010dek v hoteli Foldana****\t<\/a>\n<\/h5>\n\t\t<p itemprop=\"description\" class=\"qodef-e-excerpt\">\n\t\t\tObjavte jarn\u00fd Budape\u0161\u0165 na bicykli a u\u017e\u00edvajte si slobodu, ktor\u00fa mesto pon\u00faka! Cena bal\u00ed\u010dka: 240 EUR, s prir\u00e1\u017ekou 100 EUR za ubytovanie v apartm\u00e1ne\t\t<\/p>\n\t\t\t\t<\/div>\n\t\t\t\t\t<\/div>\n\t<\/div>\n<\/article>\n\t<\/div>\n\t<\/div>\n\t\t\t\t<\/div>\n\t\t\t\t<\/div>\n\t\t\t\t\t<\/div>\n\t\t<\/div>\n\t\t\t\t\t<\/div>\n\t\t<\/section>\n\t\t\t\t<\/div>","protected":false},"excerpt":{"rendered":"<p>\u00dcnnepi aj\u00e1nlat Meghitt \u00fcnneppek a Hotel **** Foldan\u00e1ban. Fedezze fel a t\u00e9li Budapestet vagy laz\u00edtson a m\u00e9lt\u00e1n h\u00edres gy\u00f3gyf\u00fcrd\u0151ink egyik\u00e9ben. \u00dcnnepi pihen\u00e9shez a legjobb v\u00e1laszt\u00e1s a Romantikus h\u00e9tk\u00f6znapok Romantikus kikapcsol\u00f3d\u00e1s a ny\u00fczsg\u0151 Budapesten. Lepje meg kedves\u00e9t egy pihentet\u0151 kiruccan\u00e1ssal. \u00c9lvezze a ny\u00fczsg\u0151 belv\u00e1rost vagy tegyen&#8230;<\/p>","protected":false},"author":1,"featured_media":0,"parent":0,"menu_order":0,"comment_status":"closed","ping_status":"closed","template":"","meta":{"footnotes":""},"class_list":["post-400","page","type-page","status-publish","hentry"],"_links":{"self":[{"href":"http:\/\/hotelfoldana.hu\/sk\/wp-json\/wp\/v2\/pages\/400","targetHints":{"allow":["GET"]}}],"collection":[{"href":"http:\/\/hotelfoldana.hu\/sk\/wp-json\/wp\/v2\/pages"}],"about":[{"href":"http:\/\/hotelfoldana.hu\/sk\/wp-json\/wp\/v2\/types\/page"}],"author":[{"embeddable":true,"href":"http:\/\/hotelfoldana.hu\/sk\/wp-json\/wp\/v2\/users\/1"}],"replies":[{"embeddable":true,"href":"http:\/\/hotelfoldana.hu\/sk\/wp-json\/wp\/v2\/comments?post=400"}],"version-history":[{"count":16,"href":"http:\/\/hotelfoldana.hu\/sk\/wp-json\/wp\/v2\/pages\/400\/revisions"}],"predecessor-version":[{"id":644,"href":"http:\/\/hotelfoldana.hu\/sk\/wp-json\/wp\/v2\/pages\/400\/revisions\/644"}],"wp:attachment":[{"href":"http:\/\/hotelfoldana.hu\/sk\/wp-json\/wp\/v2\/media?parent=400"}],"curies":[{"name":"wp","href":"https:\/\/api.w.org\/{rel}","templated":true}]}}