{"id":125,"date":"2020-08-11T10:21:36","date_gmt":"2020-08-11T08:21:36","guid":{"rendered":"https:\/\/bridge389.qodeinteractive.com\/?page_id=125"},"modified":"2024-02-05T09:11:16","modified_gmt":"2024-02-05T08:11:16","slug":"guestinfo","status":"publish","type":"page","link":"http:\/\/hotelfoldana.hu\/sr\/guestinfo\/","title":{"rendered":"UPUTSTVO ZA GOSTE"},"content":{"rendered":"<div data-elementor-type=\"wp-page\" data-elementor-id=\"125\" class=\"elementor elementor-125\">\n\t\t\t\t\t\t<section class=\"elementor-section elementor-top-section elementor-element elementor-element-7d33f364 elementor-section-full_width qode_elementor_container_inner elementor-section-height-default elementor-section-height-default parallax_section_no\" data-id=\"7d33f364\" data-element_type=\"section\" data-e-type=\"section\">\n\t\t\t\t\t\t<div class=\"elementor-container elementor-column-gap-no\">\n\t\t\t\t\t<div class=\"elementor-column elementor-col-100 elementor-top-column elementor-element elementor-element-6d7dd080\" data-id=\"6d7dd080\" data-element_type=\"column\" data-e-type=\"column\">\n\t\t\t<div class=\"elementor-widget-wrap elementor-element-populated\">\n\t\t\t\t\t\t<div class=\"elementor-element elementor-element-6c02d706 elementor-widget elementor-widget-text-editor\" data-id=\"6c02d706\" data-element_type=\"widget\" data-e-type=\"widget\" data-widget_type=\"text-editor.default\">\n\t\t\t\t<div class=\"elementor-widget-container\">\n\t\t\t\t\t\t\t\t\t<h1 style=\"text-align: center;\">UPUTSTVO ZA GOSTE<\/h1>\t\t\t\t\t\t\t\t<\/div>\n\t\t\t\t<\/div>\n\t\t\t\t<div class=\"elementor-element elementor-element-45a5775b elementor-widget elementor-widget-image\" data-id=\"45a5775b\" data-element_type=\"widget\" data-e-type=\"widget\" data-widget_type=\"image.default\">\n\t\t\t\t<div class=\"elementor-widget-container\">\n\t\t\t\t\t\t\t\t\t\t\t\t\t\t\t<img decoding=\"async\" width=\"70\" height=\"2\" src=\"https:\/\/hotelfoldana.hu\/wp-content\/uploads\/2022\/11\/border.png\" class=\"attachment-full size-full wp-image-258\" alt=\"\" \/>\t\t\t\t\t\t\t\t\t\t\t\t\t\t\t<\/div>\n\t\t\t\t<\/div>\n\t\t\t\t<div class=\"elementor-element elementor-element-69b66095 elementor-widget elementor-widget-text-editor\" data-id=\"69b66095\" data-element_type=\"widget\" data-e-type=\"widget\" data-widget_type=\"text-editor.default\">\n\t\t\t\t<div class=\"elementor-widget-container\">\n\t\t\t\t\t\t\t\t\t<h4 style=\"text-align: center;\">Kliknite na donji link I mo\u017eete pregledati uputstvo ili obave\u0161tenje za goste!<\/h4>\t\t\t\t\t\t\t\t<\/div>\n\t\t\t\t<\/div>\n\t\t\t\t<div class=\"elementor-element elementor-element-3914b05 elementor-widget__width-auto elementor-widget elementor-widget-bridge_button\" data-id=\"3914b05\" data-element_type=\"widget\" data-e-type=\"widget\" data-widget_type=\"bridge_button.default\">\n\t\t\t\t<div class=\"elementor-widget-container\">\n\t\t\t\t\t<a  itemprop=\"url\" href=\"https:\/\/hotelfoldana.hu\/wp-content\/uploads\/2023\/11\/houserulesENG.pdf\" target=\"_blank\"  class=\"qbutton  default\" style=\"\">Pogled<\/a>\t\t\t\t<\/div>\n\t\t\t\t<\/div>\n\t\t\t\t<div class=\"elementor-element elementor-element-1d13ae3 elementor-widget elementor-widget-text-editor\" data-id=\"1d13ae3\" data-element_type=\"widget\" data-e-type=\"widget\" data-widget_type=\"text-editor.default\">\n\t\t\t\t<div class=\"elementor-widget-container\">\n\t\t\t\t\t\t\t\t\t<h1 style=\"text-align: center;\">Dom\u00e1ci poriadok<\/h1>\t\t\t\t\t\t\t\t<\/div>\n\t\t\t\t<\/div>\n\t\t\t\t<div class=\"elementor-element elementor-element-db81769 elementor-widget elementor-widget-image\" data-id=\"db81769\" data-element_type=\"widget\" data-e-type=\"widget\" data-widget_type=\"image.default\">\n\t\t\t\t<div class=\"elementor-widget-container\">\n\t\t\t\t\t\t\t\t\t\t\t\t\t\t\t<img decoding=\"async\" width=\"70\" height=\"2\" src=\"https:\/\/hotelfoldana.hu\/wp-content\/uploads\/2022\/11\/border.png\" class=\"attachment-full size-full wp-image-258\" alt=\"\" \/>\t\t\t\t\t\t\t\t\t\t\t\t\t\t\t<\/div>\n\t\t\t\t<\/div>\n\t\t\t\t<div class=\"elementor-element elementor-element-4dbe095 elementor-widget elementor-widget-text-editor\" data-id=\"4dbe095\" data-element_type=\"widget\" data-e-type=\"widget\" data-widget_type=\"text-editor.default\">\n\t\t\t\t<div class=\"elementor-widget-container\">\n\t\t\t\t\t\t\t\t\t<h4 style=\"text-align: center;\">Kliknite na dugme ispod da vidite na\u0161u listu pi\u0107a!<\/h4>\t\t\t\t\t\t\t\t<\/div>\n\t\t\t\t<\/div>\n\t\t\t\t<div class=\"elementor-element elementor-element-8f6a263 elementor-widget__width-auto elementor-widget elementor-widget-bridge_button\" data-id=\"8f6a263\" data-element_type=\"widget\" data-e-type=\"widget\" data-widget_type=\"bridge_button.default\">\n\t\t\t\t<div class=\"elementor-widget-container\">\n\t\t\t\t\t<a  itemprop=\"url\" href=\"https:\/\/hotelfoldana.hu\/wp-content\/uploads\/2023\/11\/houserulesENG.pdf\" target=\"_blank\"  class=\"qbutton  default\" style=\"\">Pogled<\/a>\t\t\t\t<\/div>\n\t\t\t\t<\/div>\n\t\t\t\t\t<\/div>\n\t\t<\/div>\n\t\t\t\t\t<\/div>\n\t\t<\/section>\n\t\t\t\t<\/div>","protected":false},"excerpt":{"rendered":"<p>Vend\u00e9gt\u00e1j\u00e9koztat\u00f3 Az al\u00e1bbi gombra kattintva megtekintheti vend\u00e9gt\u00e1j\u00e9koztat\u00f3nkat! Megtekint\u00e9s H\u00c1ZIREND Az al\u00e1bbi gombra kattintva megtekintheti h\u00e1zirend\u00fcnket! Megtekint\u00e9s<\/p>","protected":false},"author":1,"featured_media":0,"parent":0,"menu_order":0,"comment_status":"closed","ping_status":"closed","template":"full_width.php","meta":{"footnotes":""},"class_list":["post-125","page","type-page","status-publish","hentry"],"_links":{"self":[{"href":"http:\/\/hotelfoldana.hu\/sr\/wp-json\/wp\/v2\/pages\/125","targetHints":{"allow":["GET"]}}],"collection":[{"href":"http:\/\/hotelfoldana.hu\/sr\/wp-json\/wp\/v2\/pages"}],"about":[{"href":"http:\/\/hotelfoldana.hu\/sr\/wp-json\/wp\/v2\/types\/page"}],"author":[{"embeddable":true,"href":"http:\/\/hotelfoldana.hu\/sr\/wp-json\/wp\/v2\/users\/1"}],"replies":[{"embeddable":true,"href":"http:\/\/hotelfoldana.hu\/sr\/wp-json\/wp\/v2\/comments?post=125"}],"version-history":[{"count":50,"href":"http:\/\/hotelfoldana.hu\/sr\/wp-json\/wp\/v2\/pages\/125\/revisions"}],"predecessor-version":[{"id":747,"href":"http:\/\/hotelfoldana.hu\/sr\/wp-json\/wp\/v2\/pages\/125\/revisions\/747"}],"wp:attachment":[{"href":"http:\/\/hotelfoldana.hu\/sr\/wp-json\/wp\/v2\/media?parent=125"}],"curies":[{"name":"wp","href":"https:\/\/api.w.org\/{rel}","templated":true}]}}