{"id":396,"date":"2023-02-21T17:35:38","date_gmt":"2023-02-21T16:35:38","guid":{"rendered":"http:\/\/foldana.bbserver.hu\/?page_id=396"},"modified":"2023-02-21T17:46:57","modified_gmt":"2023-02-21T16:46:57","slug":"parking","status":"publish","type":"page","link":"http:\/\/hotelfoldana.hu\/sr\/parking\/","title":{"rendered":"PARKIRANJE"},"content":{"rendered":"<div data-elementor-type=\"wp-page\" data-elementor-id=\"396\" class=\"elementor elementor-396\">\n\t\t\t\t\t\t<section class=\"elementor-section elementor-top-section elementor-element elementor-element-efe014d elementor-section-boxed elementor-section-height-default elementor-section-height-default parallax_section_no qode_elementor_container_no\" data-id=\"efe014d\" data-element_type=\"section\" data-e-type=\"section\">\n\t\t\t\t\t\t<div class=\"elementor-container elementor-column-gap-default\">\n\t\t\t\t\t<div class=\"elementor-column elementor-col-100 elementor-top-column elementor-element elementor-element-3338f44\" data-id=\"3338f44\" data-element_type=\"column\" data-e-type=\"column\">\n\t\t\t<div class=\"elementor-widget-wrap elementor-element-populated\">\n\t\t\t\t\t\t<div class=\"elementor-element elementor-element-edcb2e3 elementor-widget elementor-widget-text-editor\" data-id=\"edcb2e3\" data-element_type=\"widget\" data-e-type=\"widget\" data-widget_type=\"text-editor.default\">\n\t\t\t\t<div class=\"elementor-widget-container\">\n\t\t\t\t\t\t\t\t\t<h1>PARKIRANJE<\/h1>\t\t\t\t\t\t\t\t<\/div>\n\t\t\t\t<\/div>\n\t\t\t\t<div class=\"elementor-element elementor-element-73e4a28 elementor-widget elementor-widget-text-editor\" data-id=\"73e4a28\" data-element_type=\"widget\" data-e-type=\"widget\" data-widget_type=\"text-editor.default\">\n\t\t\t\t<div class=\"elementor-widget-container\">\n\t\t\t\t\t\t\t\t\t<p>Dragi gosti!<\/p><p>Parkiranje je mogu\u0107e u podzemnoj gara\u017ei hotela.<\/p><p>\u00a0<\/p><p>Za goste hotela:<br \/>20 EUR\/auto\/dan<\/p><p>\u00a0<\/p><p>Za one koji nisu gosti hotela:<br \/>20 EUR\/auto\/dan<\/p>\t\t\t\t\t\t\t\t<\/div>\n\t\t\t\t<\/div>\n\t\t\t\t\t<\/div>\n\t\t<\/div>\n\t\t\t\t\t<\/div>\n\t\t<\/section>\n\t\t\t\t<\/div>","protected":false},"excerpt":{"rendered":"<p>Parkol\u00e1s KEDVES VEND\u00c9GEINK! Parkol\u00e1s sz\u00e1llod\u00e1nk ter\u00fclet\u00e9n a k\u00f6vetkez\u0151 m\u00f3dokon lehets\u00e9ges: SZ\u00c1LL\u00d3VEND\u00c9GEK R\u00c9SZ\u00c9RE: M\u00e9lygar\u00e1zs d\u00edja: 20 Euro\/aut\u00f3\/nap K\u00dcLS\u0150S VEND\u00c9GEINK R\u00c9SZ\u00c9RE: M\u00e9lygar\u00e1zs d\u00edja: 20 Euro\/aut\u00f3\/nap<\/p>","protected":false},"author":1,"featured_media":0,"parent":0,"menu_order":0,"comment_status":"closed","ping_status":"closed","template":"","meta":{"footnotes":""},"class_list":["post-396","page","type-page","status-publish","hentry"],"_links":{"self":[{"href":"http:\/\/hotelfoldana.hu\/sr\/wp-json\/wp\/v2\/pages\/396","targetHints":{"allow":["GET"]}}],"collection":[{"href":"http:\/\/hotelfoldana.hu\/sr\/wp-json\/wp\/v2\/pages"}],"about":[{"href":"http:\/\/hotelfoldana.hu\/sr\/wp-json\/wp\/v2\/types\/page"}],"author":[{"embeddable":true,"href":"http:\/\/hotelfoldana.hu\/sr\/wp-json\/wp\/v2\/users\/1"}],"replies":[{"embeddable":true,"href":"http:\/\/hotelfoldana.hu\/sr\/wp-json\/wp\/v2\/comments?post=396"}],"version-history":[{"count":8,"href":"http:\/\/hotelfoldana.hu\/sr\/wp-json\/wp\/v2\/pages\/396\/revisions"}],"predecessor-version":[{"id":422,"href":"http:\/\/hotelfoldana.hu\/sr\/wp-json\/wp\/v2\/pages\/396\/revisions\/422"}],"wp:attachment":[{"href":"http:\/\/hotelfoldana.hu\/sr\/wp-json\/wp\/v2\/media?parent=396"}],"curies":[{"name":"wp","href":"https:\/\/api.w.org\/{rel}","templated":true}]}}