{"id":760,"date":"2024-09-13T17:42:59","date_gmt":"2024-09-13T15:42:59","guid":{"rendered":"https:\/\/hotelfoldana.hu\/?page_id=760"},"modified":"2024-09-13T18:00:55","modified_gmt":"2024-09-13T16:00:55","slug":"cafe-corner","status":"publish","type":"page","link":"http:\/\/hotelfoldana.hu\/sr\/cafe-corner\/","title":{"rendered":"Cafe Corner"},"content":{"rendered":"<div data-elementor-type=\"wp-page\" data-elementor-id=\"760\" class=\"elementor elementor-760\">\n\t\t\t\t\t\t<section class=\"elementor-section elementor-top-section elementor-element elementor-element-87c2612 elementor-section-boxed elementor-section-height-default elementor-section-height-default parallax_section_no qode_elementor_container_no\" data-id=\"87c2612\" data-element_type=\"section\" data-e-type=\"section\">\n\t\t\t\t\t\t<div class=\"elementor-container elementor-column-gap-default\">\n\t\t\t\t\t<div class=\"elementor-column elementor-col-100 elementor-top-column elementor-element elementor-element-edf9286\" data-id=\"edf9286\" data-element_type=\"column\" data-e-type=\"column\">\n\t\t\t<div class=\"elementor-widget-wrap elementor-element-populated\">\n\t\t\t\t\t\t<div class=\"elementor-element elementor-element-081e392 elementor-widget elementor-widget-text-editor\" data-id=\"081e392\" data-element_type=\"widget\" data-e-type=\"widget\" data-widget_type=\"text-editor.default\">\n\t\t\t\t<div class=\"elementor-widget-container\">\n\t\t\t\t\t\t\t\t\t<h2>K\u00f6sz\u00f6ntj\u00fck a Cafe Cornerben!<\/h2><p>\u00a0<\/p><p>A t\u00f6k\u00e9letes helysz\u00edn egy bar\u00e1ti besz\u00e9lget\u00e9shez, vagy egy \u00fczleti tal\u00e1lkoz\u00f3hoz. Eleg\u00e1ns k\u00e1v\u00e9z\u00f3nk k\u00f6nnyen megk\u00f6zel\u00edthet\u0151 \u00e9s sz\u00e9les v\u00e1laszt\u00e9k\u00e1t k\u00edn\u00e1lja a legfinomabb k\u00e1v\u00e9knak, limon\u00e1d\u00e9knak \u00e9s kokt\u00e9loknak. Emellett b\u00fcszk\u00e9n k\u00edn\u00e1ljuk GMO-mentes \u00e9s bio t\u00e9szt\u00e1b\u00f3l k\u00e9sz\u00fclt pizz\u00e1inkat, melyeket helyben k\u00e9sz\u00edt\u00fcnk el, hogy minden falat friss \u00e9s \u00edzletes legyen. V\u00e1rjuk szeretettel!<\/p><p>\u00a0<\/p><p>Nyitva tart\u00e1s: H\u00e9tf\u0151-Vas\u00e1rnap 12:00-21:00<\/p>\t\t\t\t\t\t\t\t<\/div>\n\t\t\t\t<\/div>\n\t\t\t\t\t<\/div>\n\t\t<\/div>\n\t\t\t\t\t<\/div>\n\t\t<\/section>\n\t\t\t\t<section class=\"elementor-section elementor-top-section elementor-element elementor-element-2405c31 elementor-section-boxed elementor-section-height-default elementor-section-height-default parallax_section_no qode_elementor_container_no\" data-id=\"2405c31\" data-element_type=\"section\" data-e-type=\"section\">\n\t\t\t\t\t\t<div class=\"elementor-container elementor-column-gap-default\">\n\t\t\t\t\t<div class=\"elementor-column elementor-col-100 elementor-top-column elementor-element elementor-element-de4dbdf\" data-id=\"de4dbdf\" data-element_type=\"column\" data-e-type=\"column\">\n\t\t\t<div class=\"elementor-widget-wrap elementor-element-populated\">\n\t\t\t\t\t\t<div class=\"elementor-element elementor-element-74d335f elementor-widget elementor-widget-text-editor\" data-id=\"74d335f\" data-element_type=\"widget\" data-e-type=\"widget\" data-widget_type=\"text-editor.default\">\n\t\t\t\t<div class=\"elementor-widget-container\">\n\t\t\t\t\t\t\t\t\t<iframe src=\"https:\/\/hotelfoldana.hu\/corner\" style=\"min-height: 600px;\"\/>\t\t\t\t\t\t\t\t<\/div>\n\t\t\t\t<\/div>\n\t\t\t\t\t<\/div>\n\t\t<\/div>\n\t\t\t\t\t<\/div>\n\t\t<\/section>\n\t\t\t\t<\/div>","protected":false},"excerpt":{"rendered":"<p>K\u00f6sz\u00f6ntj\u00fck a Cafe Cornerben! \u00a0 A t\u00f6k\u00e9letes helysz\u00edn egy bar\u00e1ti besz\u00e9lget\u00e9shez, vagy egy \u00fczleti tal\u00e1lkoz\u00f3hoz. Eleg\u00e1ns k\u00e1v\u00e9z\u00f3nk k\u00f6nnyen megk\u00f6zel\u00edthet\u0151 \u00e9s sz\u00e9les v\u00e1laszt\u00e9k\u00e1t k\u00edn\u00e1lja a legfinomabb k\u00e1v\u00e9knak, limon\u00e1d\u00e9knak \u00e9s kokt\u00e9loknak. Emellett b\u00fcszk\u00e9n k\u00edn\u00e1ljuk GMO-mentes \u00e9s bio t\u00e9szt\u00e1b\u00f3l k\u00e9sz\u00fclt pizz\u00e1inkat, melyeket helyben k\u00e9sz\u00edt\u00fcnk el, hogy minden falat&#8230;<\/p>","protected":false},"author":1,"featured_media":0,"parent":0,"menu_order":0,"comment_status":"closed","ping_status":"closed","template":"","meta":{"footnotes":""},"class_list":["post-760","page","type-page","status-publish","hentry"],"_links":{"self":[{"href":"http:\/\/hotelfoldana.hu\/sr\/wp-json\/wp\/v2\/pages\/760","targetHints":{"allow":["GET"]}}],"collection":[{"href":"http:\/\/hotelfoldana.hu\/sr\/wp-json\/wp\/v2\/pages"}],"about":[{"href":"http:\/\/hotelfoldana.hu\/sr\/wp-json\/wp\/v2\/types\/page"}],"author":[{"embeddable":true,"href":"http:\/\/hotelfoldana.hu\/sr\/wp-json\/wp\/v2\/users\/1"}],"replies":[{"embeddable":true,"href":"http:\/\/hotelfoldana.hu\/sr\/wp-json\/wp\/v2\/comments?post=760"}],"version-history":[{"count":10,"href":"http:\/\/hotelfoldana.hu\/sr\/wp-json\/wp\/v2\/pages\/760\/revisions"}],"predecessor-version":[{"id":770,"href":"http:\/\/hotelfoldana.hu\/sr\/wp-json\/wp\/v2\/pages\/760\/revisions\/770"}],"wp:attachment":[{"href":"http:\/\/hotelfoldana.hu\/sr\/wp-json\/wp\/v2\/media?parent=760"}],"curies":[{"name":"wp","href":"https:\/\/api.w.org\/{rel}","templated":true}]}}