{"id":103,"date":"2020-08-11T09:42:16","date_gmt":"2020-08-11T07:42:16","guid":{"rendered":"https:\/\/bridge389.qodeinteractive.com\/?page_id=103"},"modified":"2023-11-30T22:49:30","modified_gmt":"2023-11-30T21:49:30","slug":"about","status":"publish","type":"page","link":"https:\/\/hotelfoldana.hu\/sk\/about\/","title":{"rendered":"O n\u00e1s"},"content":{"rendered":"<div data-elementor-type=\"wp-page\" data-elementor-id=\"103\" class=\"elementor elementor-103\">\n\t\t\t\t\t\t<section class=\"elementor-section elementor-top-section elementor-element elementor-element-871e797 elementor-section-full_width qode_elementor_container_inner elementor-section-height-default elementor-section-height-default parallax_section_no\" data-id=\"871e797\" data-element_type=\"section\" data-e-type=\"section\">\n\t\t\t\t\t\t<div class=\"elementor-container elementor-column-gap-no\">\n\t\t\t\t\t<div class=\"elementor-column elementor-col-100 elementor-top-column elementor-element elementor-element-122f97d\" data-id=\"122f97d\" data-element_type=\"column\" data-e-type=\"column\">\n\t\t\t<div class=\"elementor-widget-wrap elementor-element-populated\">\n\t\t\t\t\t\t<div class=\"elementor-element elementor-element-3071374 elementor-widget elementor-widget-text-editor\" data-id=\"3071374\" data-element_type=\"widget\" data-e-type=\"widget\" data-widget_type=\"text-editor.default\">\n\t\t\t\t<div class=\"elementor-widget-container\">\n\t\t\t\t\t\t\t\t\t<h1 style=\"text-align: center;\">O n\u00e1s<\/h1>\t\t\t\t\t\t\t\t<\/div>\n\t\t\t\t<\/div>\n\t\t\t\t<div class=\"elementor-element elementor-element-05fb0c4 elementor-widget elementor-widget-image\" data-id=\"05fb0c4\" data-element_type=\"widget\" data-e-type=\"widget\" data-widget_type=\"image.default\">\n\t\t\t\t<div class=\"elementor-widget-container\">\n\t\t\t\t\t\t\t\t\t\t\t\t\t\t\t<img decoding=\"async\" width=\"70\" height=\"2\" src=\"https:\/\/hotelfoldana.hu\/wp-content\/uploads\/2022\/11\/border.png\" class=\"attachment-full size-full wp-image-258\" alt=\"\" \/>\t\t\t\t\t\t\t\t\t\t\t\t\t\t\t<\/div>\n\t\t\t\t<\/div>\n\t\t\t\t<div class=\"elementor-element elementor-element-9293fb0 elementor-widget elementor-widget-text-editor\" data-id=\"9293fb0\" data-element_type=\"widget\" data-e-type=\"widget\" data-widget_type=\"text-editor.default\">\n\t\t\t\t<div class=\"elementor-widget-container\">\n\t\t\t\t\t\t\t\t\t<h4 style=\"text-align: center;\">Hotel sme otvorili na jarv roku 2023.<\/h4>\t\t\t\t\t\t\t\t<\/div>\n\t\t\t\t<\/div>\n\t\t\t\t<div class=\"elementor-element elementor-element-e4fd4e9 elementor-widget elementor-widget-text-editor\" data-id=\"e4fd4e9\" data-element_type=\"widget\" data-e-type=\"widget\" data-widget_type=\"text-editor.default\">\n\t\t\t\t<div class=\"elementor-widget-container\">\n\t\t\t\t\t\t\t\t\t<p style=\"font-weight: 400;\">Na\u0161ich host\u00ed \u010dakaj\u00fa 26 elegantne zariaden\u00e9 a klimatizovan\u00e9 izby,medzi ktor\u00fdmi s\u00fa aj rodinn\u00e9 izby  s kuchy\u0148kou, a dva luxusn\u00e9 apartm\u00e1ny.<\/p><p style=\"font-weight: 400;\">\u00a0<\/p><p style=\"font-weight: 400;\">Ra\u0148ajky pon\u00fakame formou bufetu,V na\u0161om bare pon\u00fakame \u0161irok\u00fd sortiment n\u00e1pojov,a tie\u017e aj k\u00e1vu.<\/p><p style=\"font-weight: 400;\">\u00a0<\/p><p style=\"font-weight: 400;\">Hostia, ktor\u00ed si chc\u00fa za\u0161portova\u0165, n\u00e1jdu na okol\u00ed hotela aj \u0161portov\u00e9 mo\u017enosti.<\/p><p style=\"font-weight: 400;\">\u00a0<\/p><p style=\"font-weight: 400;\">Na\u0161im cie\u013eom je, aby sme pon\u00fakli na\u0161im hos\u0165om tak\u00e9 prostredie,v ktorom  sa m\u00f4\u017eu po\u010das u n\u00e1s str\u00e1venom \u010dase odtrhn\u00fat od denn\u00fdch probl\u00e9mov.<\/p><p style=\"font-weight: 400;\">\u00a0<\/p><p style=\"font-weight: 400;\">Srde\u010dne v\u00edtame na\u0161ich nov\u00fdch a vracaj\u00facich sa host\u00ed!<br \/>Prajeme pr\u00edjemn\u00fd pobyt!<\/p>\t\t\t\t\t\t\t\t<\/div>\n\t\t\t\t<\/div>\n\t\t\t\t\t<\/div>\n\t\t<\/div>\n\t\t\t\t\t<\/div>\n\t\t<\/section>\n\t\t\t\t<section class=\"elementor-section elementor-top-section elementor-element elementor-element-3a71959e elementor-section-full_width elementor-section-height-default elementor-section-height-default parallax_section_no qode_elementor_container_no\" data-id=\"3a71959e\" data-element_type=\"section\" data-e-type=\"section\" data-settings=\"{&quot;background_background&quot;:&quot;classic&quot;}\">\n\t\t\t\t\t\t<div class=\"elementor-container elementor-column-gap-default\">\n\t\t\t\t\t<div class=\"elementor-column elementor-col-100 elementor-top-column elementor-element elementor-element-4d7e099\" data-id=\"4d7e099\" data-element_type=\"column\" data-e-type=\"column\">\n\t\t\t<div class=\"elementor-widget-wrap\">\n\t\t\t\t\t\t\t<\/div>\n\t\t<\/div>\n\t\t\t\t\t<\/div>\n\t\t<\/section>\n\t\t\t\t<section class=\"elementor-section elementor-top-section elementor-element elementor-element-3d9dca3e elementor-section-full_width qode_elementor_container_inner elementor-section-height-default elementor-section-height-default parallax_section_no\" data-id=\"3d9dca3e\" data-element_type=\"section\" data-e-type=\"section\">\n\t\t\t\t\t\t<div class=\"elementor-container elementor-column-gap-no\">\n\t\t\t\t\t<div class=\"elementor-column elementor-col-100 elementor-top-column elementor-element elementor-element-654063fd\" data-id=\"654063fd\" data-element_type=\"column\" data-e-type=\"column\">\n\t\t\t<div class=\"elementor-widget-wrap elementor-element-populated\">\n\t\t\t\t\t\t<div class=\"elementor-element elementor-element-6f87464f elementor-widget elementor-widget-text-editor\" data-id=\"6f87464f\" data-element_type=\"widget\" data-e-type=\"widget\" data-widget_type=\"text-editor.default\">\n\t\t\t\t<div class=\"elementor-widget-container\">\n\t\t\t\t\t\t\t\t\t<h1>FOTKY ROZPR\u00c1VAJ\u00da ZA SEBA<\/h1>\t\t\t\t\t\t\t\t<\/div>\n\t\t\t\t<\/div>\n\t\t\t\t<div class=\"elementor-element elementor-element-593b92fc elementor-widget elementor-widget-image\" data-id=\"593b92fc\" data-element_type=\"widget\" data-e-type=\"widget\" data-widget_type=\"image.default\">\n\t\t\t\t<div class=\"elementor-widget-container\">\n\t\t\t\t\t\t\t\t\t\t\t\t\t\t\t<img decoding=\"async\" width=\"70\" height=\"2\" src=\"https:\/\/hotelfoldana.hu\/wp-content\/uploads\/2022\/11\/border.png\" class=\"attachment-full size-full wp-image-258\" alt=\"\" \/>\t\t\t\t\t\t\t\t\t\t\t\t\t\t\t<\/div>\n\t\t\t\t<\/div>\n\t\t\t\t<section class=\"elementor-section elementor-inner-section elementor-element elementor-element-24f5b2a1 elementor-section-full_width elementor-section-height-default elementor-section-height-default parallax_section_no qode_elementor_container_no\" data-id=\"24f5b2a1\" data-element_type=\"section\" data-e-type=\"section\">\n\t\t\t\t\t\t<div class=\"elementor-container elementor-column-gap-no\">\n\t\t\t\t\t<div class=\"elementor-column elementor-col-50 elementor-inner-column elementor-element elementor-element-44888bde\" data-id=\"44888bde\" data-element_type=\"column\" data-e-type=\"column\">\n\t\t\t<div class=\"elementor-widget-wrap\">\n\t\t\t\t\t\t\t<\/div>\n\t\t<\/div>\n\t\t\t\t<div class=\"elementor-column elementor-col-50 elementor-inner-column elementor-element elementor-element-42e57387\" data-id=\"42e57387\" data-element_type=\"column\" data-e-type=\"column\">\n\t\t\t<div class=\"elementor-widget-wrap\">\n\t\t\t\t\t\t\t<\/div>\n\t\t<\/div>\n\t\t\t\t\t<\/div>\n\t\t<\/section>\n\t\t\t\t<div class=\"elementor-element elementor-element-111a80e3 elementor-widget elementor-widget-bridge_advanced_image_gallery\" data-id=\"111a80e3\" data-element_type=\"widget\" data-e-type=\"widget\" data-widget_type=\"bridge_advanced_image_gallery.default\">\n\t\t\t\t<div class=\"elementor-widget-container\">\n\t\t\t\t\t<div class=\"qode-advanced-image-gallery  qode-aig-carousel-type qode-no-space\">\n\t<div class=\"qode-aig-slider qode-owl-slider\" data-number-of-items=\"3\" data-enable-loop=\"yes\" data-enable-autoplay=\"yes\" data-slider-speed=\"5000\" data-slider-speed-animation=\"600\" data-slider-padding=\"no\" data-enable-navigation=\"no\" data-enable-pagination=\"no\">\n\t\t\t\t\t<div class=\"qode-aig-image\">\n\t\t\t\t\t\t\t\t\t<img fetchpriority=\"high\" decoding=\"async\" width=\"1600\" height=\"1067\" src=\"https:\/\/hotelfoldana.hu\/wp-content\/uploads\/2023\/02\/reception.jpg\" class=\"attachment-full size-full\" alt=\"\" srcset=\"https:\/\/hotelfoldana.hu\/wp-content\/uploads\/2023\/02\/reception.jpg 1600w, https:\/\/hotelfoldana.hu\/wp-content\/uploads\/2023\/02\/reception-300x200.jpg 300w, https:\/\/hotelfoldana.hu\/wp-content\/uploads\/2023\/02\/reception-1024x683.jpg 1024w, https:\/\/hotelfoldana.hu\/wp-content\/uploads\/2023\/02\/reception-768x512.jpg 768w, https:\/\/hotelfoldana.hu\/wp-content\/uploads\/2023\/02\/reception-1536x1024.jpg 1536w, https:\/\/hotelfoldana.hu\/wp-content\/uploads\/2023\/02\/reception-700x467.jpg 700w\" sizes=\"(max-width: 1600px) 100vw, 1600px\" \/>\t\t\t\t\t<span class=\"aig-gallery-hover\">\n\t\t\t\t\t\t\t\t\t\t\t<\/span>\n\t\t\t\t\t\t\t<\/div>\n\t\t\t\t\t<div class=\"qode-aig-image\">\n\t\t\t\t\t\t\t\t\t<img decoding=\"async\" width=\"1600\" height=\"1200\" src=\"https:\/\/hotelfoldana.hu\/wp-content\/uploads\/2023\/02\/superior_twin.jpg\" class=\"attachment-full size-full\" alt=\"\" srcset=\"https:\/\/hotelfoldana.hu\/wp-content\/uploads\/2023\/02\/superior_twin.jpg 1600w, https:\/\/hotelfoldana.hu\/wp-content\/uploads\/2023\/02\/superior_twin-300x225.jpg 300w, https:\/\/hotelfoldana.hu\/wp-content\/uploads\/2023\/02\/superior_twin-1024x768.jpg 1024w, https:\/\/hotelfoldana.hu\/wp-content\/uploads\/2023\/02\/superior_twin-768x576.jpg 768w, https:\/\/hotelfoldana.hu\/wp-content\/uploads\/2023\/02\/superior_twin-1536x1152.jpg 1536w, https:\/\/hotelfoldana.hu\/wp-content\/uploads\/2023\/02\/superior_twin-800x600.jpg 800w, https:\/\/hotelfoldana.hu\/wp-content\/uploads\/2023\/02\/superior_twin-700x525.jpg 700w\" sizes=\"(max-width: 1600px) 100vw, 1600px\" \/>\t\t\t\t\t<span class=\"aig-gallery-hover\">\n\t\t\t\t\t\t\t\t\t\t\t<\/span>\n\t\t\t\t\t\t\t<\/div>\n\t\t\t\t\t<div class=\"qode-aig-image\">\n\t\t\t\t\t\t\t\t\t<img loading=\"lazy\" decoding=\"async\" width=\"1600\" height=\"1200\" src=\"https:\/\/hotelfoldana.hu\/wp-content\/uploads\/2023\/02\/family_balcon2.jpg\" class=\"attachment-full size-full\" alt=\"\" srcset=\"https:\/\/hotelfoldana.hu\/wp-content\/uploads\/2023\/02\/family_balcon2.jpg 1600w, https:\/\/hotelfoldana.hu\/wp-content\/uploads\/2023\/02\/family_balcon2-300x225.jpg 300w, https:\/\/hotelfoldana.hu\/wp-content\/uploads\/2023\/02\/family_balcon2-1024x768.jpg 1024w, https:\/\/hotelfoldana.hu\/wp-content\/uploads\/2023\/02\/family_balcon2-768x576.jpg 768w, https:\/\/hotelfoldana.hu\/wp-content\/uploads\/2023\/02\/family_balcon2-1536x1152.jpg 1536w, https:\/\/hotelfoldana.hu\/wp-content\/uploads\/2023\/02\/family_balcon2-800x600.jpg 800w, https:\/\/hotelfoldana.hu\/wp-content\/uploads\/2023\/02\/family_balcon2-700x525.jpg 700w\" sizes=\"(max-width: 1600px) 100vw, 1600px\" \/>\t\t\t\t\t<span class=\"aig-gallery-hover\">\n\t\t\t\t\t\t\t\t\t\t\t<\/span>\n\t\t\t\t\t\t\t<\/div>\n\t\t\t\t\t<div class=\"qode-aig-image\">\n\t\t\t\t\t\t\t\t\t<img loading=\"lazy\" decoding=\"async\" width=\"1600\" height=\"1200\" src=\"https:\/\/hotelfoldana.hu\/wp-content\/uploads\/2023\/02\/lakosztaly.jpg\" class=\"attachment-full size-full\" alt=\"\" srcset=\"https:\/\/hotelfoldana.hu\/wp-content\/uploads\/2023\/02\/lakosztaly.jpg 1600w, https:\/\/hotelfoldana.hu\/wp-content\/uploads\/2023\/02\/lakosztaly-300x225.jpg 300w, https:\/\/hotelfoldana.hu\/wp-content\/uploads\/2023\/02\/lakosztaly-1024x768.jpg 1024w, https:\/\/hotelfoldana.hu\/wp-content\/uploads\/2023\/02\/lakosztaly-768x576.jpg 768w, https:\/\/hotelfoldana.hu\/wp-content\/uploads\/2023\/02\/lakosztaly-1536x1152.jpg 1536w, https:\/\/hotelfoldana.hu\/wp-content\/uploads\/2023\/02\/lakosztaly-800x600.jpg 800w, https:\/\/hotelfoldana.hu\/wp-content\/uploads\/2023\/02\/lakosztaly-700x525.jpg 700w\" sizes=\"(max-width: 1600px) 100vw, 1600px\" \/>\t\t\t\t\t<span class=\"aig-gallery-hover\">\n\t\t\t\t\t\t\t\t\t\t\t<\/span>\n\t\t\t\t\t\t\t<\/div>\n\t\t\t\t\t<div class=\"qode-aig-image\">\n\t\t\t\t\t\t\t\t\t<img loading=\"lazy\" decoding=\"async\" width=\"1200\" height=\"800\" src=\"https:\/\/hotelfoldana.hu\/wp-content\/uploads\/2023\/01\/086.jpg\" class=\"attachment-full size-full\" alt=\"\" srcset=\"https:\/\/hotelfoldana.hu\/wp-content\/uploads\/2023\/01\/086.jpg 1200w, https:\/\/hotelfoldana.hu\/wp-content\/uploads\/2023\/01\/086-300x200.jpg 300w, https:\/\/hotelfoldana.hu\/wp-content\/uploads\/2023\/01\/086-1024x683.jpg 1024w, https:\/\/hotelfoldana.hu\/wp-content\/uploads\/2023\/01\/086-768x512.jpg 768w, https:\/\/hotelfoldana.hu\/wp-content\/uploads\/2023\/01\/086-700x467.jpg 700w\" sizes=\"(max-width: 1200px) 100vw, 1200px\" \/>\t\t\t\t\t<span class=\"aig-gallery-hover\">\n\t\t\t\t\t\t\t\t\t\t\t<\/span>\n\t\t\t\t\t\t\t<\/div>\n\t\t\t\t\t<div class=\"qode-aig-image\">\n\t\t\t\t\t\t\t\t\t<img loading=\"lazy\" decoding=\"async\" width=\"1600\" height=\"1067\" src=\"https:\/\/hotelfoldana.hu\/wp-content\/uploads\/2023\/02\/familyroom.jpg\" class=\"attachment-full size-full\" alt=\"\" srcset=\"https:\/\/hotelfoldana.hu\/wp-content\/uploads\/2023\/02\/familyroom.jpg 1600w, https:\/\/hotelfoldana.hu\/wp-content\/uploads\/2023\/02\/familyroom-300x200.jpg 300w, https:\/\/hotelfoldana.hu\/wp-content\/uploads\/2023\/02\/familyroom-1024x683.jpg 1024w, https:\/\/hotelfoldana.hu\/wp-content\/uploads\/2023\/02\/familyroom-768x512.jpg 768w, https:\/\/hotelfoldana.hu\/wp-content\/uploads\/2023\/02\/familyroom-1536x1024.jpg 1536w, https:\/\/hotelfoldana.hu\/wp-content\/uploads\/2023\/02\/familyroom-700x467.jpg 700w\" sizes=\"(max-width: 1600px) 100vw, 1600px\" \/>\t\t\t\t\t<span class=\"aig-gallery-hover\">\n\t\t\t\t\t\t\t\t\t\t\t<\/span>\n\t\t\t\t\t\t\t<\/div>\n\t\t\t<\/div>\n<\/div>\t\t\t\t<\/div>\n\t\t\t\t<\/div>\n\t\t\t\t\t<\/div>\n\t\t<\/div>\n\t\t\t\t\t<\/div>\n\t\t<\/section>\n\t\t\t\t<\/div>","protected":false},"excerpt":{"rendered":"<p>R\u00f3lunk Sz\u00e1llod\u00e1nk 2023 tavasz\u00e1n nyitotta meg kapuit vend\u00e9geink r\u00e9sz\u00e9re. 26 eleg\u00e1nsan berendezett, l\u00e9gkondicion\u00e1lt szoba, k\u00f6zt\u00fck t\u00f6bb csal\u00e1di\u00a0szoba felszerelt konyh\u00e1val, \u00e9s k\u00e9t, minden ig\u00e9nyt kiel\u00e9g\u00edt\u0151 lakoszt\u00e1ly v\u00e1rja a pihenni v\u00e1gy\u00f3kat. \u00a0 Reggelin\u00e9l b\u0151s\u00e9ges sv\u00e9dasztallal v\u00e1rjuk Kedves Vend\u00e9geinket, Lobby b\u00e1runkban pedig sz\u00e9les v\u00e1laszt\u00e9kban megtal\u00e1lhat\u00f3ak k\u00fcl\u00f6nb\u00f6z\u0151 italok, illetve&#8230;<\/p>","protected":false},"author":1,"featured_media":0,"parent":0,"menu_order":0,"comment_status":"closed","ping_status":"closed","template":"full_width.php","meta":{"footnotes":""},"class_list":["post-103","page","type-page","status-publish","hentry"],"_links":{"self":[{"href":"https:\/\/hotelfoldana.hu\/sk\/wp-json\/wp\/v2\/pages\/103","targetHints":{"allow":["GET"]}}],"collection":[{"href":"https:\/\/hotelfoldana.hu\/sk\/wp-json\/wp\/v2\/pages"}],"about":[{"href":"https:\/\/hotelfoldana.hu\/sk\/wp-json\/wp\/v2\/types\/page"}],"author":[{"embeddable":true,"href":"https:\/\/hotelfoldana.hu\/sk\/wp-json\/wp\/v2\/users\/1"}],"replies":[{"embeddable":true,"href":"https:\/\/hotelfoldana.hu\/sk\/wp-json\/wp\/v2\/comments?post=103"}],"version-history":[{"count":27,"href":"https:\/\/hotelfoldana.hu\/sk\/wp-json\/wp\/v2\/pages\/103\/revisions"}],"predecessor-version":[{"id":732,"href":"https:\/\/hotelfoldana.hu\/sk\/wp-json\/wp\/v2\/pages\/103\/revisions\/732"}],"wp:attachment":[{"href":"https:\/\/hotelfoldana.hu\/sk\/wp-json\/wp\/v2\/media?parent=103"}],"curies":[{"name":"wp","href":"https:\/\/api.w.org\/{rel}","templated":true}]}}