{"id":103,"date":"2020-08-11T09:42:16","date_gmt":"2020-08-11T07:42:16","guid":{"rendered":"https:\/\/bridge389.qodeinteractive.com\/?page_id=103"},"modified":"2023-11-30T22:49:30","modified_gmt":"2023-11-30T21:49:30","slug":"about","status":"publish","type":"page","link":"https:\/\/hotelfoldana.hu\/tr\/about\/","title":{"rendered":"HAKKIMIZDA"},"content":{"rendered":"<div data-elementor-type=\"wp-page\" data-elementor-id=\"103\" class=\"elementor elementor-103\">\n\t\t\t\t\t\t<section class=\"elementor-section elementor-top-section elementor-element elementor-element-871e797 elementor-section-full_width qode_elementor_container_inner elementor-section-height-default elementor-section-height-default parallax_section_no\" data-id=\"871e797\" data-element_type=\"section\" data-e-type=\"section\">\n\t\t\t\t\t\t<div class=\"elementor-container elementor-column-gap-no\">\n\t\t\t\t\t<div class=\"elementor-column elementor-col-100 elementor-top-column elementor-element elementor-element-122f97d\" data-id=\"122f97d\" data-element_type=\"column\" data-e-type=\"column\">\n\t\t\t<div class=\"elementor-widget-wrap elementor-element-populated\">\n\t\t\t\t\t\t<div class=\"elementor-element elementor-element-3071374 elementor-widget elementor-widget-text-editor\" data-id=\"3071374\" data-element_type=\"widget\" data-e-type=\"widget\" data-widget_type=\"text-editor.default\">\n\t\t\t\t<div class=\"elementor-widget-container\">\n\t\t\t\t\t\t\t\t\t<h1 style=\"text-align: center;\">HAKKIMIZDA<\/h1>\t\t\t\t\t\t\t\t<\/div>\n\t\t\t\t<\/div>\n\t\t\t\t<div class=\"elementor-element elementor-element-05fb0c4 elementor-widget elementor-widget-image\" data-id=\"05fb0c4\" data-element_type=\"widget\" data-e-type=\"widget\" data-widget_type=\"image.default\">\n\t\t\t\t<div class=\"elementor-widget-container\">\n\t\t\t\t\t\t\t\t\t\t\t\t\t\t\t<img decoding=\"async\" width=\"70\" height=\"2\" src=\"https:\/\/hotelfoldana.hu\/wp-content\/uploads\/2022\/11\/border.png\" class=\"attachment-full size-full wp-image-258\" alt=\"\" \/>\t\t\t\t\t\t\t\t\t\t\t\t\t\t\t<\/div>\n\t\t\t\t<\/div>\n\t\t\t\t<div class=\"elementor-element elementor-element-9293fb0 elementor-widget elementor-widget-text-editor\" data-id=\"9293fb0\" data-element_type=\"widget\" data-e-type=\"widget\" data-widget_type=\"text-editor.default\">\n\t\t\t\t<div class=\"elementor-widget-container\">\n\t\t\t\t\t\t\t\t\t<h4 style=\"text-align: center;\">Otelimiz 2023 y\u0131l\u0131n\u0131n ilkbahar\u0131nda kap\u0131lar\u0131n\u0131 misafirlerimize a\u00e7m\u0131\u015ft\u0131r.<\/h4>\t\t\t\t\t\t\t\t<\/div>\n\t\t\t\t<\/div>\n\t\t\t\t<div class=\"elementor-element elementor-element-e4fd4e9 elementor-widget elementor-widget-text-editor\" data-id=\"e4fd4e9\" data-element_type=\"widget\" data-e-type=\"widget\" data-widget_type=\"text-editor.default\">\n\t\t\t\t<div class=\"elementor-widget-container\">\n\t\t\t\t\t\t\t\t\t<p style=\"font-weight: 400;\">Donan\u0131ml\u0131 mutfaklara sahip aile odalar\u0131 ve t\u00fcm ihtiya\u00e7lar\u0131 kar\u015f\u0131layan iki s\u00fcit daire olmak \u00fczere, zarif bir \u015fekilde d\u00f6\u015fenmi\u015f, klimal\u0131 26 oda, dinlenmek isteyenleri bekliyor.<\/p><p style=\"font-weight: 400;\">\u00a0<\/p><p style=\"font-weight: 400;\">Sabah kahvalt\u0131s\u0131nda De\u011ferli Misafirlerimizi zengin bir b\u00fcfe ile bekleriz, Lobi bar\u0131m\u0131zda ise \u00e7ok \u00e7e\u015fit farkl\u0131 i\u00e7ecekler ve lezzetli kahveler sunulmaktad\u0131r.<\/p><p style=\"font-weight: 400;\">\u00a0<\/p><p style=\"font-weight: 400;\">Spor yapmak isteyen misafirlerimiz otel \u00e7evresinde say\u0131s\u0131z spor olana\u011f\u0131 bulacakt\u0131r.<\/p><p style=\"font-weight: 400;\">\u00a0<\/p><p style=\"font-weight: 400;\">Amac\u0131m\u0131z, bizimle kald\u0131\u011f\u0131n\u0131z s\u00fcre boyunca siz ve sevdikleriniz i\u00e7in g\u00fcnl\u00fck hayat\u0131n ko\u015fu\u015fturmas\u0131ndan uzakla\u015fabilece\u011finiz bir atmosfer yaratmakt\u0131r.<\/p><p style=\"font-weight: 400;\">\u00a0<\/p><p style=\"font-weight: 400;\">Yeni ve geri d\u00f6nen eski misafirlerimize sevgiyle ho\u015f geldiniz diyoruz!<br \/>Otelimizde keyifli vakit ge\u00e7irmenizi dileriz!<\/p>\t\t\t\t\t\t\t\t<\/div>\n\t\t\t\t<\/div>\n\t\t\t\t\t<\/div>\n\t\t<\/div>\n\t\t\t\t\t<\/div>\n\t\t<\/section>\n\t\t\t\t<section class=\"elementor-section elementor-top-section elementor-element elementor-element-3a71959e elementor-section-full_width elementor-section-height-default elementor-section-height-default parallax_section_no qode_elementor_container_no\" data-id=\"3a71959e\" data-element_type=\"section\" data-e-type=\"section\" data-settings=\"{&quot;background_background&quot;:&quot;classic&quot;}\">\n\t\t\t\t\t\t<div class=\"elementor-container elementor-column-gap-default\">\n\t\t\t\t\t<div class=\"elementor-column elementor-col-100 elementor-top-column elementor-element elementor-element-4d7e099\" data-id=\"4d7e099\" data-element_type=\"column\" data-e-type=\"column\">\n\t\t\t<div class=\"elementor-widget-wrap\">\n\t\t\t\t\t\t\t<\/div>\n\t\t<\/div>\n\t\t\t\t\t<\/div>\n\t\t<\/section>\n\t\t\t\t<section class=\"elementor-section elementor-top-section elementor-element elementor-element-3d9dca3e elementor-section-full_width qode_elementor_container_inner elementor-section-height-default elementor-section-height-default parallax_section_no\" data-id=\"3d9dca3e\" data-element_type=\"section\" data-e-type=\"section\">\n\t\t\t\t\t\t<div class=\"elementor-container elementor-column-gap-no\">\n\t\t\t\t\t<div class=\"elementor-column elementor-col-100 elementor-top-column elementor-element elementor-element-654063fd\" data-id=\"654063fd\" data-element_type=\"column\" data-e-type=\"column\">\n\t\t\t<div class=\"elementor-widget-wrap elementor-element-populated\">\n\t\t\t\t\t\t<div class=\"elementor-element elementor-element-6f87464f elementor-widget elementor-widget-text-editor\" data-id=\"6f87464f\" data-element_type=\"widget\" data-e-type=\"widget\" data-widget_type=\"text-editor.default\">\n\t\t\t\t<div class=\"elementor-widget-container\">\n\t\t\t\t\t\t\t\t\t<h1>RES\u0130MLER KEND\u0130 ADINA KONU\u015eUYOR<\/h1>\t\t\t\t\t\t\t\t<\/div>\n\t\t\t\t<\/div>\n\t\t\t\t<div class=\"elementor-element elementor-element-593b92fc elementor-widget elementor-widget-image\" data-id=\"593b92fc\" data-element_type=\"widget\" data-e-type=\"widget\" data-widget_type=\"image.default\">\n\t\t\t\t<div class=\"elementor-widget-container\">\n\t\t\t\t\t\t\t\t\t\t\t\t\t\t\t<img decoding=\"async\" width=\"70\" height=\"2\" src=\"https:\/\/hotelfoldana.hu\/wp-content\/uploads\/2022\/11\/border.png\" class=\"attachment-full size-full wp-image-258\" alt=\"\" \/>\t\t\t\t\t\t\t\t\t\t\t\t\t\t\t<\/div>\n\t\t\t\t<\/div>\n\t\t\t\t<section class=\"elementor-section elementor-inner-section elementor-element elementor-element-24f5b2a1 elementor-section-full_width elementor-section-height-default elementor-section-height-default parallax_section_no qode_elementor_container_no\" data-id=\"24f5b2a1\" data-element_type=\"section\" data-e-type=\"section\">\n\t\t\t\t\t\t<div class=\"elementor-container elementor-column-gap-no\">\n\t\t\t\t\t<div class=\"elementor-column elementor-col-50 elementor-inner-column elementor-element elementor-element-44888bde\" data-id=\"44888bde\" data-element_type=\"column\" data-e-type=\"column\">\n\t\t\t<div class=\"elementor-widget-wrap\">\n\t\t\t\t\t\t\t<\/div>\n\t\t<\/div>\n\t\t\t\t<div class=\"elementor-column elementor-col-50 elementor-inner-column elementor-element elementor-element-42e57387\" data-id=\"42e57387\" data-element_type=\"column\" data-e-type=\"column\">\n\t\t\t<div class=\"elementor-widget-wrap\">\n\t\t\t\t\t\t\t<\/div>\n\t\t<\/div>\n\t\t\t\t\t<\/div>\n\t\t<\/section>\n\t\t\t\t<div class=\"elementor-element elementor-element-111a80e3 elementor-widget elementor-widget-bridge_advanced_image_gallery\" data-id=\"111a80e3\" data-element_type=\"widget\" data-e-type=\"widget\" data-widget_type=\"bridge_advanced_image_gallery.default\">\n\t\t\t\t<div class=\"elementor-widget-container\">\n\t\t\t\t\t<div class=\"qode-advanced-image-gallery  qode-aig-carousel-type qode-no-space\">\n\t<div class=\"qode-aig-slider qode-owl-slider\" data-number-of-items=\"3\" data-enable-loop=\"yes\" data-enable-autoplay=\"yes\" data-slider-speed=\"5000\" data-slider-speed-animation=\"600\" data-slider-padding=\"no\" data-enable-navigation=\"no\" data-enable-pagination=\"no\">\n\t\t\t\t\t<div class=\"qode-aig-image\">\n\t\t\t\t\t\t\t\t\t<img fetchpriority=\"high\" decoding=\"async\" width=\"1600\" height=\"1067\" src=\"https:\/\/hotelfoldana.hu\/wp-content\/uploads\/2023\/02\/reception.jpg\" class=\"attachment-full size-full\" alt=\"\" srcset=\"https:\/\/hotelfoldana.hu\/wp-content\/uploads\/2023\/02\/reception.jpg 1600w, https:\/\/hotelfoldana.hu\/wp-content\/uploads\/2023\/02\/reception-300x200.jpg 300w, https:\/\/hotelfoldana.hu\/wp-content\/uploads\/2023\/02\/reception-1024x683.jpg 1024w, https:\/\/hotelfoldana.hu\/wp-content\/uploads\/2023\/02\/reception-768x512.jpg 768w, https:\/\/hotelfoldana.hu\/wp-content\/uploads\/2023\/02\/reception-1536x1024.jpg 1536w, https:\/\/hotelfoldana.hu\/wp-content\/uploads\/2023\/02\/reception-700x467.jpg 700w\" sizes=\"(max-width: 1600px) 100vw, 1600px\" \/>\t\t\t\t\t<span class=\"aig-gallery-hover\">\n\t\t\t\t\t\t\t\t\t\t\t<\/span>\n\t\t\t\t\t\t\t<\/div>\n\t\t\t\t\t<div class=\"qode-aig-image\">\n\t\t\t\t\t\t\t\t\t<img decoding=\"async\" width=\"1600\" height=\"1200\" src=\"https:\/\/hotelfoldana.hu\/wp-content\/uploads\/2023\/02\/superior_twin.jpg\" class=\"attachment-full size-full\" alt=\"\" srcset=\"https:\/\/hotelfoldana.hu\/wp-content\/uploads\/2023\/02\/superior_twin.jpg 1600w, https:\/\/hotelfoldana.hu\/wp-content\/uploads\/2023\/02\/superior_twin-300x225.jpg 300w, https:\/\/hotelfoldana.hu\/wp-content\/uploads\/2023\/02\/superior_twin-1024x768.jpg 1024w, https:\/\/hotelfoldana.hu\/wp-content\/uploads\/2023\/02\/superior_twin-768x576.jpg 768w, https:\/\/hotelfoldana.hu\/wp-content\/uploads\/2023\/02\/superior_twin-1536x1152.jpg 1536w, https:\/\/hotelfoldana.hu\/wp-content\/uploads\/2023\/02\/superior_twin-800x600.jpg 800w, https:\/\/hotelfoldana.hu\/wp-content\/uploads\/2023\/02\/superior_twin-700x525.jpg 700w\" sizes=\"(max-width: 1600px) 100vw, 1600px\" \/>\t\t\t\t\t<span class=\"aig-gallery-hover\">\n\t\t\t\t\t\t\t\t\t\t\t<\/span>\n\t\t\t\t\t\t\t<\/div>\n\t\t\t\t\t<div class=\"qode-aig-image\">\n\t\t\t\t\t\t\t\t\t<img loading=\"lazy\" decoding=\"async\" width=\"1600\" height=\"1200\" src=\"https:\/\/hotelfoldana.hu\/wp-content\/uploads\/2023\/02\/family_balcon2.jpg\" class=\"attachment-full size-full\" alt=\"\" srcset=\"https:\/\/hotelfoldana.hu\/wp-content\/uploads\/2023\/02\/family_balcon2.jpg 1600w, https:\/\/hotelfoldana.hu\/wp-content\/uploads\/2023\/02\/family_balcon2-300x225.jpg 300w, https:\/\/hotelfoldana.hu\/wp-content\/uploads\/2023\/02\/family_balcon2-1024x768.jpg 1024w, https:\/\/hotelfoldana.hu\/wp-content\/uploads\/2023\/02\/family_balcon2-768x576.jpg 768w, https:\/\/hotelfoldana.hu\/wp-content\/uploads\/2023\/02\/family_balcon2-1536x1152.jpg 1536w, https:\/\/hotelfoldana.hu\/wp-content\/uploads\/2023\/02\/family_balcon2-800x600.jpg 800w, https:\/\/hotelfoldana.hu\/wp-content\/uploads\/2023\/02\/family_balcon2-700x525.jpg 700w\" sizes=\"(max-width: 1600px) 100vw, 1600px\" \/>\t\t\t\t\t<span class=\"aig-gallery-hover\">\n\t\t\t\t\t\t\t\t\t\t\t<\/span>\n\t\t\t\t\t\t\t<\/div>\n\t\t\t\t\t<div class=\"qode-aig-image\">\n\t\t\t\t\t\t\t\t\t<img loading=\"lazy\" decoding=\"async\" width=\"1600\" height=\"1200\" src=\"https:\/\/hotelfoldana.hu\/wp-content\/uploads\/2023\/02\/lakosztaly.jpg\" class=\"attachment-full size-full\" alt=\"\" srcset=\"https:\/\/hotelfoldana.hu\/wp-content\/uploads\/2023\/02\/lakosztaly.jpg 1600w, https:\/\/hotelfoldana.hu\/wp-content\/uploads\/2023\/02\/lakosztaly-300x225.jpg 300w, https:\/\/hotelfoldana.hu\/wp-content\/uploads\/2023\/02\/lakosztaly-1024x768.jpg 1024w, https:\/\/hotelfoldana.hu\/wp-content\/uploads\/2023\/02\/lakosztaly-768x576.jpg 768w, https:\/\/hotelfoldana.hu\/wp-content\/uploads\/2023\/02\/lakosztaly-1536x1152.jpg 1536w, https:\/\/hotelfoldana.hu\/wp-content\/uploads\/2023\/02\/lakosztaly-800x600.jpg 800w, https:\/\/hotelfoldana.hu\/wp-content\/uploads\/2023\/02\/lakosztaly-700x525.jpg 700w\" sizes=\"(max-width: 1600px) 100vw, 1600px\" \/>\t\t\t\t\t<span class=\"aig-gallery-hover\">\n\t\t\t\t\t\t\t\t\t\t\t<\/span>\n\t\t\t\t\t\t\t<\/div>\n\t\t\t\t\t<div class=\"qode-aig-image\">\n\t\t\t\t\t\t\t\t\t<img loading=\"lazy\" decoding=\"async\" width=\"1200\" height=\"800\" src=\"https:\/\/hotelfoldana.hu\/wp-content\/uploads\/2023\/01\/086.jpg\" class=\"attachment-full size-full\" alt=\"\" srcset=\"https:\/\/hotelfoldana.hu\/wp-content\/uploads\/2023\/01\/086.jpg 1200w, https:\/\/hotelfoldana.hu\/wp-content\/uploads\/2023\/01\/086-300x200.jpg 300w, https:\/\/hotelfoldana.hu\/wp-content\/uploads\/2023\/01\/086-1024x683.jpg 1024w, https:\/\/hotelfoldana.hu\/wp-content\/uploads\/2023\/01\/086-768x512.jpg 768w, https:\/\/hotelfoldana.hu\/wp-content\/uploads\/2023\/01\/086-700x467.jpg 700w\" sizes=\"(max-width: 1200px) 100vw, 1200px\" \/>\t\t\t\t\t<span class=\"aig-gallery-hover\">\n\t\t\t\t\t\t\t\t\t\t\t<\/span>\n\t\t\t\t\t\t\t<\/div>\n\t\t\t\t\t<div class=\"qode-aig-image\">\n\t\t\t\t\t\t\t\t\t<img loading=\"lazy\" decoding=\"async\" width=\"1600\" height=\"1067\" src=\"https:\/\/hotelfoldana.hu\/wp-content\/uploads\/2023\/02\/familyroom.jpg\" class=\"attachment-full size-full\" alt=\"\" srcset=\"https:\/\/hotelfoldana.hu\/wp-content\/uploads\/2023\/02\/familyroom.jpg 1600w, https:\/\/hotelfoldana.hu\/wp-content\/uploads\/2023\/02\/familyroom-300x200.jpg 300w, https:\/\/hotelfoldana.hu\/wp-content\/uploads\/2023\/02\/familyroom-1024x683.jpg 1024w, https:\/\/hotelfoldana.hu\/wp-content\/uploads\/2023\/02\/familyroom-768x512.jpg 768w, https:\/\/hotelfoldana.hu\/wp-content\/uploads\/2023\/02\/familyroom-1536x1024.jpg 1536w, https:\/\/hotelfoldana.hu\/wp-content\/uploads\/2023\/02\/familyroom-700x467.jpg 700w\" sizes=\"(max-width: 1600px) 100vw, 1600px\" \/>\t\t\t\t\t<span class=\"aig-gallery-hover\">\n\t\t\t\t\t\t\t\t\t\t\t<\/span>\n\t\t\t\t\t\t\t<\/div>\n\t\t\t<\/div>\n<\/div>\t\t\t\t<\/div>\n\t\t\t\t<\/div>\n\t\t\t\t\t<\/div>\n\t\t<\/div>\n\t\t\t\t\t<\/div>\n\t\t<\/section>\n\t\t\t\t<\/div>","protected":false},"excerpt":{"rendered":"<p>R\u00f3lunk Sz\u00e1llod\u00e1nk 2023 tavasz\u00e1n nyitotta meg kapuit vend\u00e9geink r\u00e9sz\u00e9re. 26 eleg\u00e1nsan berendezett, l\u00e9gkondicion\u00e1lt szoba, k\u00f6zt\u00fck t\u00f6bb csal\u00e1di\u00a0szoba felszerelt konyh\u00e1val, \u00e9s k\u00e9t, minden ig\u00e9nyt kiel\u00e9g\u00edt\u0151 lakoszt\u00e1ly v\u00e1rja a pihenni v\u00e1gy\u00f3kat. \u00a0 Reggelin\u00e9l b\u0151s\u00e9ges sv\u00e9dasztallal v\u00e1rjuk Kedves Vend\u00e9geinket, Lobby b\u00e1runkban pedig sz\u00e9les v\u00e1laszt\u00e9kban megtal\u00e1lhat\u00f3ak k\u00fcl\u00f6nb\u00f6z\u0151 italok, illetve&#8230;<\/p>","protected":false},"author":1,"featured_media":0,"parent":0,"menu_order":0,"comment_status":"closed","ping_status":"closed","template":"full_width.php","meta":{"footnotes":""},"class_list":["post-103","page","type-page","status-publish","hentry"],"_links":{"self":[{"href":"https:\/\/hotelfoldana.hu\/tr\/wp-json\/wp\/v2\/pages\/103","targetHints":{"allow":["GET"]}}],"collection":[{"href":"https:\/\/hotelfoldana.hu\/tr\/wp-json\/wp\/v2\/pages"}],"about":[{"href":"https:\/\/hotelfoldana.hu\/tr\/wp-json\/wp\/v2\/types\/page"}],"author":[{"embeddable":true,"href":"https:\/\/hotelfoldana.hu\/tr\/wp-json\/wp\/v2\/users\/1"}],"replies":[{"embeddable":true,"href":"https:\/\/hotelfoldana.hu\/tr\/wp-json\/wp\/v2\/comments?post=103"}],"version-history":[{"count":27,"href":"https:\/\/hotelfoldana.hu\/tr\/wp-json\/wp\/v2\/pages\/103\/revisions"}],"predecessor-version":[{"id":732,"href":"https:\/\/hotelfoldana.hu\/tr\/wp-json\/wp\/v2\/pages\/103\/revisions\/732"}],"wp:attachment":[{"href":"https:\/\/hotelfoldana.hu\/tr\/wp-json\/wp\/v2\/media?parent=103"}],"curies":[{"name":"wp","href":"https:\/\/api.w.org\/{rel}","templated":true}]}}