{"id":699,"date":"2023-11-30T22:08:17","date_gmt":"2023-11-30T21:08:17","guid":{"rendered":"https:\/\/hotelfoldana.hu\/?page_id=699"},"modified":"2023-11-30T22:13:46","modified_gmt":"2023-11-30T21:13:46","slug":"xmas-market","status":"publish","type":"page","link":"https:\/\/hotelfoldana.hu\/tr\/xmas-market\/","title":{"rendered":"Kar\u00e1csonyi v\u00e1s\u00e1r"},"content":{"rendered":"<div data-elementor-type=\"wp-page\" data-elementor-id=\"699\" class=\"elementor elementor-699\">\n\t\t\t\t\t\t<section class=\"elementor-section elementor-top-section elementor-element elementor-element-0619ae1 elementor-section-boxed elementor-section-height-default elementor-section-height-default parallax_section_no qode_elementor_container_no\" data-id=\"0619ae1\" data-element_type=\"section\" data-e-type=\"section\">\n\t\t\t\t\t\t<div class=\"elementor-container elementor-column-gap-default\">\n\t\t\t\t\t<div class=\"elementor-column elementor-col-100 elementor-top-column elementor-element elementor-element-d3496fb\" data-id=\"d3496fb\" data-element_type=\"column\" data-e-type=\"column\">\n\t\t\t<div class=\"elementor-widget-wrap elementor-element-populated\">\n\t\t\t\t\t\t<div class=\"elementor-element elementor-element-1d458d9 elementor-widget elementor-widget-text-editor\" data-id=\"1d458d9\" data-element_type=\"widget\" data-e-type=\"widget\" data-widget_type=\"text-editor.default\">\n\t\t\t\t<div class=\"elementor-widget-container\">\n\t\t\t\t\t\t\t\t\t<p><strong>V\u00f6r\u00f6marty meydan\u0131nda Noel pazar\u0131<\/strong><br \/>V\u00f6r\u00f6smarty Meydan\u0131<br \/>17 Kas\u0131m 2023 - 31 Aral\u0131k 2023<\/p><p>\u00a0<\/p><p><strong>Kutsal \u0130skele Meydan\u0131 Noel Fuar\u0131<\/strong><br \/>Budape\u015fte, Kutsal \u0130tvan Meydan\u0131, 1051<br \/>17 Kas\u0131m 2023 - 1 Ocak 2024<\/p>\t\t\t\t\t\t\t\t<\/div>\n\t\t\t\t<\/div>\n\t\t\t\t\t<\/div>\n\t\t<\/div>\n\t\t\t\t\t<\/div>\n\t\t<\/section>\n\t\t\t\t<\/div>","protected":false},"excerpt":{"rendered":"<p>V\u00f6r\u00f6smarty t\u00e9ri Kar\u00e1csonyi V\u00e1s\u00e1rV\u00f6r\u00f6smarty t\u00e9r2023. november 17-2023. december 31. \u00a0 Szent Istv\u00e1n t\u00e9ri Kar\u00e1csonyi V\u00e1s\u00e1rBudapest, Szent Istv\u00e1n t\u00e9r 1, 10512023. november 17 \u2013 2024. janu\u00e1r 1.<\/p>","protected":false},"author":1,"featured_media":710,"parent":0,"menu_order":0,"comment_status":"closed","ping_status":"closed","template":"","meta":{"footnotes":""},"class_list":["post-699","page","type-page","status-publish","has-post-thumbnail","hentry"],"_links":{"self":[{"href":"https:\/\/hotelfoldana.hu\/tr\/wp-json\/wp\/v2\/pages\/699","targetHints":{"allow":["GET"]}}],"collection":[{"href":"https:\/\/hotelfoldana.hu\/tr\/wp-json\/wp\/v2\/pages"}],"about":[{"href":"https:\/\/hotelfoldana.hu\/tr\/wp-json\/wp\/v2\/types\/page"}],"author":[{"embeddable":true,"href":"https:\/\/hotelfoldana.hu\/tr\/wp-json\/wp\/v2\/users\/1"}],"replies":[{"embeddable":true,"href":"https:\/\/hotelfoldana.hu\/tr\/wp-json\/wp\/v2\/comments?post=699"}],"version-history":[{"count":4,"href":"https:\/\/hotelfoldana.hu\/tr\/wp-json\/wp\/v2\/pages\/699\/revisions"}],"predecessor-version":[{"id":703,"href":"https:\/\/hotelfoldana.hu\/tr\/wp-json\/wp\/v2\/pages\/699\/revisions\/703"}],"wp:featuredmedia":[{"embeddable":true,"href":"https:\/\/hotelfoldana.hu\/tr\/wp-json\/wp\/v2\/media\/710"}],"wp:attachment":[{"href":"https:\/\/hotelfoldana.hu\/tr\/wp-json\/wp\/v2\/media?parent=699"}],"curies":[{"name":"wp","href":"https:\/\/api.w.org\/{rel}","templated":true}]}}